{"id":98,"date":"2022-03-01T22:13:48","date_gmt":"2022-03-01T22:13:48","guid":{"rendered":"https:\/\/lesmessagesdecamille.fr\/?post_type=product&#038;p=98"},"modified":"2025-12-05T17:20:37","modified_gmt":"2025-12-05T17:20:37","slug":"question-unique","status":"publish","type":"product","link":"https:\/\/lesmessagesdecamille.fr\/index.php\/produit\/question-unique\/","title":{"rendered":"Consultation &#8211; Question SMS (question pr\u00e9cise)"},"content":{"rendered":"<p>Un tirage Tarologique pour r\u00e9pondre \u00e0 la question de votre choix.<\/p>\n<p>Ce tirage est fait pour toutes personnes souhaitant une r\u00e9ponse rapide \u00e0 <span style=\"text-decoration: underline;\"><strong>une seule et unique question<\/strong><\/span>. Vous pouvez formuler votre question directement dans l&rsquo;onglet commentaire au moment de votre commande ou me contacter via les r\u00e9seaux ou par mail. La question doit traiter un sujet pr\u00e9cis. Pour une r\u00e9ponse au plus proche de votre demande, vous pouvez compl\u00e9ter votre question en pr\u00e9cisant le contexte de la situation et me donner le plus de d\u00e9tails possible.<\/p>\n<p>Une seule et unique question suppl\u00e9mentaire peut \u00eatre autoris\u00e9e uniquement en lien avec le tirage\u00a0 et la demande initiale pour compl\u00e9ter les propos. <strong>Attention, <\/strong><strong>pour \u00e9viter tout d\u00e9bordement<\/strong><strong> je ne r\u00e9ponds pas \u00e0 vos retours ou les autres questions qui pourraient venir par la suite.\u00a0<\/strong><\/p>\n<p>Si plusieurs questions vous viennent \u00e0 l&rsquo;esprit, je vous conseille de prendre\u00a0 une consultation t\u00e9l\u00e9phonique.<\/p>\n<p><strong>Comment \u00e7a marche?<\/strong><\/p>\n<p>Vous me posez votre question via le formulaire commentaire au moment de la commande ou via les r\u00e9seaux ou mail . Vous recevrez\u00a0 une r\u00e9ponse par SMS\/mail\/message what&rsquo;s ap, dans les 72h suivant la commande.\u00a0 En cas d&rsquo;urgence, et avant de commander votre question, vous pouvez me faire savoir votre d\u00e9lai souhait\u00e9 pour obtenir un retour.<\/p>\n<p><strong>Pourquoi et pour qui ce format?<\/strong><\/p>\n<p>Ce format vous aide \u00e0 \u00e9clairer un situation tr\u00e8s pr\u00e9cise et obtenir une r\u00e9ponse rapidement. La question\u00a0 peut toutefois \u00eatre compl\u00e9t\u00e9e par la suite par une s\u00e9ance plus longue si vous en ressentez le besoin.<\/p>\n<p>Je\u00a0 vous invite \u00e0 prendre connaissance des r\u00e8gles de d\u00e9ontologie avant la r\u00e9servation d&rsquo;une s\u00e9ance.\u00a0 En effet, je ne traite pas les questions li\u00e9es \u00e0 la sant\u00e9 et la maladie, la mort, les grossesses.<\/p>\n<p>Par ailleurs, je ne traite pas non plus toutes questions portant uniquement sur un tierce personne. La question doit vous concerner personnellement. Les questions que pourraient poser un parent relatif \u00e0 son enfant n\u00e9cessitent une approbation en amont de ma part afin de m&rsquo;assurer que la question ne porte pas atteinte au\u00a0 respect de la vie priv\u00e9e de la personne concern\u00e9e.<\/p>\n","protected":false},"excerpt":{"rendered":"<p>Un tirage Tarologique pour r\u00e9pondre \u00e0 la question de votre choix.<\/p>\n<p>Ce tirage est fait pour toutes personnes souhaitant une r\u00e9ponse rapide \u00e0 <span style=\"text-decoration: underline;\"><strong>une seule et unique question<\/strong><\/span>. Vous pouvez formuler votre question directement dans l&rsquo;onglet commentaire au moment de votre commande ou me contacter via les r\u00e9seaux ou par mail. La question doit traiter un sujet pr\u00e9cis. Pour une r\u00e9ponse au plus proche de votre demande, vous pouvez compl\u00e9ter votre question en pr\u00e9cisant le contexte de la situation et me donner le plus de d\u00e9tails possible.<\/p>\n<p>Une seule et unique question suppl\u00e9mentaire peut \u00eatre autoris\u00e9e uniquement en lien avec le tirage\u00a0 et la demande initiale pour compl\u00e9ter les propos. <strong>Attention, <\/strong><strong>pour \u00e9viter tout d\u00e9bordement<\/strong><strong> je ne r\u00e9ponds pas \u00e0 vos retours ou les autres questions qui pourraient venir par la suite.\u00a0<\/strong><\/p>\n<p>Si plusieurs questions vous viennent \u00e0 l&rsquo;esprit, je vous conseille de prendre\u00a0 une consultation t\u00e9l\u00e9phonique.<\/p>\n<p><strong>Comment \u00e7a marche?<\/strong><\/p>\n<p>Vous me posez votre question via le formulaire commentaire au moment de la commande ou via les r\u00e9seaux ou mail . Vous recevrez\u00a0 une r\u00e9ponse par SMS\/mail\/message what&rsquo;s ap, dans les 72h suivant la commande.\u00a0 En cas d&rsquo;urgence, et avant de commander votre question, vous pouvez me faire savoir votre d\u00e9lai souhait\u00e9 pour obtenir un retour.<\/p>\n<p><strong>Pourquoi et pour qui ce format?<\/strong><\/p>\n<p>Ce format vous aide \u00e0 \u00e9clairer un situation tr\u00e8s pr\u00e9cise et obtenir une r\u00e9ponse rapidement. La question\u00a0 peut toutefois \u00eatre compl\u00e9t\u00e9e par la suite par une s\u00e9ance plus longue si vous en ressentez le besoin.<\/p>\n<p>Je\u00a0 vous invite \u00e0 prendre connaissance des r\u00e8gles de d\u00e9ontologie avant la r\u00e9servation d&rsquo;une s\u00e9ance.\u00a0 En effet, je ne traite pas les questions li\u00e9es \u00e0 la sant\u00e9 et la maladie, la mort, les grossesses.<\/p>\n<p>Par ailleurs, je ne traite pas non plus toutes questions portant uniquement sur un tierce personne. La question doit vous concerner personnellement. Les questions que pourraient poser un parent relatif \u00e0 son enfant n\u00e9cessitent une approbation en amont de ma part afin de m&rsquo;assurer que la question ne porte pas atteinte au\u00a0 respect de la vie priv\u00e9e de la personne concern\u00e9e.<\/p>\n","protected":false},"featured_media":1526,"comment_status":"open","ping_status":"closed","template":"","meta":[],"product_brand":[],"product_cat":[15],"product_tag":[],"class_list":{"0":"post-98","1":"product","2":"type-product","3":"status-publish","4":"has-post-thumbnail","6":"product_cat-consultations","8":"first","9":"instock","10":"virtual","11":"purchasable","12":"product-type-simple"},"_links":{"self":[{"href":"https:\/\/lesmessagesdecamille.fr\/index.php\/wp-json\/wp\/v2\/product\/98","targetHints":{"allow":["GET"]}}],"collection":[{"href":"https:\/\/lesmessagesdecamille.fr\/index.php\/wp-json\/wp\/v2\/product"}],"about":[{"href":"https:\/\/lesmessagesdecamille.fr\/index.php\/wp-json\/wp\/v2\/types\/product"}],"replies":[{"embeddable":true,"href":"https:\/\/lesmessagesdecamille.fr\/index.php\/wp-json\/wp\/v2\/comments?post=98"}],"version-history":[{"count":7,"href":"https:\/\/lesmessagesdecamille.fr\/index.php\/wp-json\/wp\/v2\/product\/98\/revisions"}],"predecessor-version":[{"id":371,"href":"https:\/\/lesmessagesdecamille.fr\/index.php\/wp-json\/wp\/v2\/product\/98\/revisions\/371"}],"wp:featuredmedia":[{"embeddable":true,"href":"https:\/\/lesmessagesdecamille.fr\/index.php\/wp-json\/wp\/v2\/media\/1526"}],"wp:attachment":[{"href":"https:\/\/lesmessagesdecamille.fr\/index.php\/wp-json\/wp\/v2\/media?parent=98"}],"wp:term":[{"taxonomy":"product_brand","embeddable":true,"href":"https:\/\/lesmessagesdecamille.fr\/index.php\/wp-json\/wp\/v2\/product_brand?post=98"},{"taxonomy":"product_cat","embeddable":true,"href":"https:\/\/lesmessagesdecamille.fr\/index.php\/wp-json\/wp\/v2\/product_cat?post=98"},{"taxonomy":"product_tag","embeddable":true,"href":"https:\/\/lesmessagesdecamille.fr\/index.php\/wp-json\/wp\/v2\/product_tag?post=98"}],"curies":[{"name":"wp","href":"https:\/\/api.w.org\/{rel}","templated":true}]}}