{"id":1609,"date":"2024-12-08T09:59:04","date_gmt":"2024-12-08T09:59:04","guid":{"rendered":"https:\/\/lesmessagesdecamille.fr\/?post_type=product&#038;p=1609"},"modified":"2024-12-27T20:53:18","modified_gmt":"2024-12-27T20:53:18","slug":"consultation-30-minutes","status":"publish","type":"product","link":"https:\/\/lesmessagesdecamille.fr\/index.php\/produit\/consultation-30-minutes\/","title":{"rendered":"Consultation 30 minutes"},"content":{"rendered":"<p>Une consultation de tarot de 30\u00a0 minutes.<\/p>\n<p>Une consultation id\u00e9ale\u00a0 pour les personnes ayant une question pr\u00e9cise ou besoin d&rsquo;un \u00e9claircissement dans un domaine pr\u00e9cis de sa vie.<\/p>\n<p><strong>D\u00e9tails de la consultation:<\/strong><\/p>\n<ul>\n<li><strong>Dur\u00e9e:<\/strong> 30 minutes<\/li>\n<li><strong>Focus:<\/strong> Un sujet pr\u00e9cis, une situation ou un projet de votre choix, un domaine<\/li>\n<li><strong>Mode de consultation:<\/strong> \u00c9change t\u00e9l\u00e9phonique<\/li>\n<li><strong>Comment r\u00e9server: Envoyez moi<\/strong><strong>\u00a0un message<\/strong> pour r\u00e9server votre cr\u00e9neau de consultation via Facebook, Instagram ou par mail.<\/li>\n<\/ul>\n<p><strong>Pourquoi choisir notre consultation tarot de 30 minutes?<\/strong><\/p>\n<ul>\n<li><strong>Rapide et efficace<\/strong><\/li>\n<li><strong>Personnalis\u00e9e<\/strong><\/li>\n<li><strong>Accessibilit\u00e9<\/strong><\/li>\n<li><strong>T\u00e9l\u00e9phonique\u00a0<\/strong><\/li>\n<\/ul>\n","protected":false},"excerpt":{"rendered":"<ol>\n<li><\/li>\n<\/ol>\n","protected":false},"featured_media":1610,"comment_status":"open","ping_status":"closed","template":"","meta":[],"product_brand":[],"product_cat":[15],"product_tag":[],"class_list":{"0":"post-1609","1":"product","2":"type-product","3":"status-publish","4":"has-post-thumbnail","6":"product_cat-consultations","8":"first","9":"instock","10":"virtual","11":"purchasable","12":"product-type-simple"},"_links":{"self":[{"href":"https:\/\/lesmessagesdecamille.fr\/index.php\/wp-json\/wp\/v2\/product\/1609","targetHints":{"allow":["GET"]}}],"collection":[{"href":"https:\/\/lesmessagesdecamille.fr\/index.php\/wp-json\/wp\/v2\/product"}],"about":[{"href":"https:\/\/lesmessagesdecamille.fr\/index.php\/wp-json\/wp\/v2\/types\/product"}],"replies":[{"embeddable":true,"href":"https:\/\/lesmessagesdecamille.fr\/index.php\/wp-json\/wp\/v2\/comments?post=1609"}],"version-history":[{"count":1,"href":"https:\/\/lesmessagesdecamille.fr\/index.php\/wp-json\/wp\/v2\/product\/1609\/revisions"}],"predecessor-version":[{"id":1611,"href":"https:\/\/lesmessagesdecamille.fr\/index.php\/wp-json\/wp\/v2\/product\/1609\/revisions\/1611"}],"wp:featuredmedia":[{"embeddable":true,"href":"https:\/\/lesmessagesdecamille.fr\/index.php\/wp-json\/wp\/v2\/media\/1610"}],"wp:attachment":[{"href":"https:\/\/lesmessagesdecamille.fr\/index.php\/wp-json\/wp\/v2\/media?parent=1609"}],"wp:term":[{"taxonomy":"product_brand","embeddable":true,"href":"https:\/\/lesmessagesdecamille.fr\/index.php\/wp-json\/wp\/v2\/product_brand?post=1609"},{"taxonomy":"product_cat","embeddable":true,"href":"https:\/\/lesmessagesdecamille.fr\/index.php\/wp-json\/wp\/v2\/product_cat?post=1609"},{"taxonomy":"product_tag","embeddable":true,"href":"https:\/\/lesmessagesdecamille.fr\/index.php\/wp-json\/wp\/v2\/product_tag?post=1609"}],"curies":[{"name":"wp","href":"https:\/\/api.w.org\/{rel}","templated":true}]}}