{"id":1318,"date":"2023-08-04T16:10:08","date_gmt":"2023-08-04T16:10:08","guid":{"rendered":"https:\/\/lesmessagesdecamille.fr\/?post_type=product&#038;p=1318"},"modified":"2024-08-07T19:46:59","modified_gmt":"2024-08-07T19:46:59","slug":"consultation-a-domicile-ou-au-local-plusieurs-domaines-ou-plusieurs-questions-copie","status":"publish","type":"product","link":"https:\/\/lesmessagesdecamille.fr\/index.php\/produit\/consultation-a-domicile-ou-au-local-plusieurs-domaines-ou-plusieurs-questions-copie\/","title":{"rendered":"Consultation \u00e0 domicile ou au cabinet &#8211; Plusieurs domaines ou plusieurs questions (1h environ)"},"content":{"rendered":"<p>[contact-form][contact-field label=\u00a0\u00bbNom\u00a0\u00bb type=\u00a0\u00bbname\u00a0\u00bb  required=\u00a0\u00bbtrue\u00a0\u00bb \/][contact-field label=\u00a0\u00bbE-mail\u00a0\u00bb type=\u00a0\u00bbemail\u00a0\u00bb required=\u00a0\u00bbtrue\u00a0\u00bb \/][contact-field label=\u00a0\u00bbSite web\u00a0\u00bb type=\u00a0\u00bburl\u00a0\u00bb \/][contact-field label=\u00a0\u00bbMessage\u00a0\u00bb type=\u00a0\u00bbtextarea\u00a0\u00bb \/][\/contact-form]<\/p>\n<p>Durant cette consultation compl\u00e8te je r\u00e9alise un ou plusieurs tirage personnalis\u00e9s pour vous aider \u00e0 faire le point sur une situations, prendre une d\u00e9cision, identifier les blocages et explorer ensemble l&rsquo;\u00e9volution potentielle.<\/p>\n<p><strong>Comment \u00e7a marche?<\/strong><\/p>\n<p>Vous pouvez prendre contact en amont de la commande ou apr\u00e8s avoir pris cette consultation, afin de d\u00e9finir ensemble un cr\u00e9neau horaire qui vous convienne. Vous pouvez me contacter via les r\u00e9seaux ou par mail \u00e0 les messagesdecamille@gmail.com<\/p>\n<p><strong>Pourquoi et pour qui ce format?<\/strong><\/p>\n<p>Ce format vous aide \u00e0 \u00e9clairer une ou plusieurs domaines de votre vie ou traiter\/ explorer en profondeur une ou plusieurs situations que vous traversez. Ce format est id\u00e9al pour les personnes souhaitant \u00eatre accompagn\u00e9es dans leur choix, positionnement, explorer les potentialit\u00e9s, hypoth\u00e8ses d&rsquo;avancement et de cheminement mais \u00e9galement\u00a0 connaitre l&rsquo;\u00e9volution de cette situation dans les mois \u00e0 venir.<\/p>\n<p>Un ou plusieurs tirages seront propos\u00e9s pour que nous puissions avancer ensemble lors de la consultation et \u00e9puiser le sujet au maximum de vos attentes.<\/p>\n<p>Je\u00a0 vous invite \u00e0 prendre connaissance des r\u00e8gles de d\u00e9ontologie avant la r\u00e9servation d&rsquo;une s\u00e9ance.\u00a0 En effet, je ne traite pas les questions li\u00e9es \u00e0 la sant\u00e9 et la maladie, la mort, les grossesses.<\/p>\n<p>Par ailleurs, je ne traite pas non plus toutes questions portant uniquement sur un tierce personne. La question doit vous concerner personnellement. Les questions que pourraient poser un parent relatif \u00e0 son enfant n\u00e9cessitent une approbation en amont de ma part afin de m&rsquo;assurer que la question ne porte pas atteinte au\u00a0 respect de la vie priv\u00e9e de la personne concern\u00e9e.<\/p>\n<p>&nbsp;<\/p>\n","protected":false},"excerpt":{"rendered":"<p>Durant cette consultation compl\u00e8te je r\u00e9alise un ou plusieurs tirage personnalis\u00e9s pour vous aider \u00e0 faire le point sur une situations, prendre une d\u00e9cision, identifier les blocages et explorer ensemble l&rsquo;\u00e9volution potentielle.<\/p>\n","protected":false},"featured_media":1522,"comment_status":"open","ping_status":"closed","template":"","meta":[],"product_brand":[],"product_cat":[15],"product_tag":[],"class_list":{"0":"post-1318","1":"product","2":"type-product","3":"status-publish","4":"has-post-thumbnail","6":"product_cat-consultations","8":"first","9":"instock","10":"virtual","11":"purchasable","12":"product-type-simple"},"_links":{"self":[{"href":"https:\/\/lesmessagesdecamille.fr\/index.php\/wp-json\/wp\/v2\/product\/1318","targetHints":{"allow":["GET"]}}],"collection":[{"href":"https:\/\/lesmessagesdecamille.fr\/index.php\/wp-json\/wp\/v2\/product"}],"about":[{"href":"https:\/\/lesmessagesdecamille.fr\/index.php\/wp-json\/wp\/v2\/types\/product"}],"replies":[{"embeddable":true,"href":"https:\/\/lesmessagesdecamille.fr\/index.php\/wp-json\/wp\/v2\/comments?post=1318"}],"version-history":[{"count":4,"href":"https:\/\/lesmessagesdecamille.fr\/index.php\/wp-json\/wp\/v2\/product\/1318\/revisions"}],"predecessor-version":[{"id":1356,"href":"https:\/\/lesmessagesdecamille.fr\/index.php\/wp-json\/wp\/v2\/product\/1318\/revisions\/1356"}],"wp:featuredmedia":[{"embeddable":true,"href":"https:\/\/lesmessagesdecamille.fr\/index.php\/wp-json\/wp\/v2\/media\/1522"}],"wp:attachment":[{"href":"https:\/\/lesmessagesdecamille.fr\/index.php\/wp-json\/wp\/v2\/media?parent=1318"}],"wp:term":[{"taxonomy":"product_brand","embeddable":true,"href":"https:\/\/lesmessagesdecamille.fr\/index.php\/wp-json\/wp\/v2\/product_brand?post=1318"},{"taxonomy":"product_cat","embeddable":true,"href":"https:\/\/lesmessagesdecamille.fr\/index.php\/wp-json\/wp\/v2\/product_cat?post=1318"},{"taxonomy":"product_tag","embeddable":true,"href":"https:\/\/lesmessagesdecamille.fr\/index.php\/wp-json\/wp\/v2\/product_tag?post=1318"}],"curies":[{"name":"wp","href":"https:\/\/api.w.org\/{rel}","templated":true}]}}