{"id":63,"date":"2022-03-01T21:36:44","date_gmt":"2022-03-01T21:36:44","guid":{"rendered":"https:\/\/lesmessagesdecamille.fr\/?page_id=63"},"modified":"2022-07-12T18:58:45","modified_gmt":"2022-07-12T18:58:45","slug":"mentions-legales","status":"publish","type":"page","link":"https:\/\/lesmessagesdecamille.fr\/index.php\/mentions-legales\/","title":{"rendered":"Mentions l\u00e9gales"},"content":{"rendered":"\n<p><strong>Mentions l\u00e9gales<\/strong><\/p>\n\n\n\n<ol class=\"wp-block-list\"><li>INTRODUCTION<\/li><\/ol>\n\n\n\n<p>Le site wwwv.lesmessagesdecamille.fr est d\u00e9tenu et g\u00e9r\u00e9 par l\u2019entreprise ayant pour ;<\/p>\n\n\n\n<p>BERNARD Camille <\/p>\n\n\n\n<p>Auto entreprise.<\/p>\n\n\n\n<p>N\u00b0SIRET: 85018908500028<\/p>\n\n\n\n<p>Repr\u00e9sent\u00e9e par : Madame BERNARD Camille, G\u00e9rant<\/p>\n\n\n\n<p>&nbsp; 2. PRESTATAIRE WEB<\/p>\n\n\n\n<p>La mise en ligne du Site internet wwwv.lesmessagesdecamille.fr est assur\u00e9 par le prestataire web prestashop.&nbsp;<\/p>\n\n\n\n<p>&nbsp; 3. PRESTATAIRE TECHNIQUE<\/p>\n\n\n\n<p>wwwv.lesmessagesdecamille.fr<\/p>\n\n\n\n<p>&nbsp;4. CR\u00c9ATION GRAPHIQUE<\/p>\n\n\n\n<p>wwwv.lesmessagesdecamille.fr<\/p>\n\n\n\n<p>&nbsp;5. G\u00c9N\u00c9RALIT\u00c9S<\/p>\n\n\n\n<p>Par l\u2019utilisation du site web wwwv.lesmessagesdecamille.fr (ci-apr\u00e8s le site), vous acceptez express\u00e9ment les conditions d\u2019utilisation et de vente ainsi que la politique de confidentialit\u00e9 ci-dessous.<\/p>\n\n\n\n<p>&nbsp;6. COPYRIGHT<\/p>\n\n\n\n<p>Est consid\u00e9r\u00e9 comme donn\u00e9e tous textes, images, vid\u00e9os, sons ou codes sources pr\u00e9sents sur le site. Toute donn\u00e9e pr\u00e9sente sur ce site est la propri\u00e9t\u00e9 de son auteur. Aucune donn\u00e9e ne pourra \u00eatre utilis\u00e9e, modifi\u00e9e ou reproduite sans le consentement \u00e9crit du propri\u00e9taire du site.<\/p>\n\n\n\n<p>&nbsp;7. COOKIES<\/p>\n\n\n\n<p>Afin notamment de rendre l\u2019utilisation du site plus agr\u00e9able, des cookies ou d\u2019autres t\u00e9moins sont utilis\u00e9s et susceptibles d\u2019enregistrer automatiquement des informations personnelles.<\/p>\n\n\n\n<p>Nous rappelons aux utilisateurs que les donn\u00e9es relatives \u00e0 leur recherche et leur navigation peuvent faire l\u2019objet de traitements \u00e0 des fins de ciblage publicitaire par nos propres soins et dans le respect notamment du droit de la protection des donn\u00e9es personnelles. Ces donn\u00e9es sont alors utilis\u00e9es notamment pour des finalit\u00e9s li\u00e9es \u00e0 la publicit\u00e9, les mesures statistiques, la publicit\u00e9 g\u00e9olocalis\u00e9e ou encore l\u2019analyse des comportements des internautes dans le but de personnaliser la publicit\u00e9 qui leur est adress\u00e9e.<\/p>\n\n\n\n<p>Nous informons les internautes que les versions r\u00e9centes des principaux navigateurs permettent non seulement de s\u2019opposer \u00e0 l\u2019enregistrement de cookies mais \u00e9galement d\u2019effectuer des sessions de navigation \u00e0 l\u2019issue desquelles tous les cookies install\u00e9s lors de cette session sont automatiquement effac\u00e9s ind\u00e9pendamment de leur dur\u00e9e de vie pr\u00e9vue, offrant ainsi une meilleure protection des traces.<\/p>\n\n\n\n<p>Vous pouvez obtenir des informations sur la fa\u00e7on de g\u00e9rer les cookies \u00e0 l\u2019adresse wwwv.lesmessagesdecamille.fr<\/p>\n\n\n\n<p>&nbsp; 8. GOOGLE ANALYTICS<\/p>\n\n\n\n<p>Ce site utilise Google Analytics, un service d\u2019analyse de site internet fourni par Google Inc. (\u00abGoogle\u00bb). Google Analytics utilise des cookies, qui sont des fichiers texte plac\u00e9s sur votre ordinateur, pour aider le site internet \u00e0 analyser l\u2019utilisation du site par ses utilisateurs. Les donn\u00e9es g\u00e9n\u00e9r\u00e9es par les cookies concernant votre utilisation du site (y compris votre adresse IP) seront transmises et stock\u00e9es par Google sur des serveurs situ\u00e9s aux Etats-Unis. Google utilisera cette information dans le but d\u2019\u00e9valuer votre utilisation du site, de compiler des rapports sur l\u2019activit\u00e9 du site \u00e0 destination de son \u00e9diteur et de fournir d\u2019autres services relatifs \u00e0 l\u2019activit\u00e9 du site et \u00e0 l\u2019utilisation d\u2019Internet. Google est susceptible de communiquer ces donn\u00e9es \u00e0 des tiers en cas d\u2019obligation l\u00e9gale ou lorsque ces tiers traitent ces donn\u00e9es pour le compte de Google, y compris notamment l\u2019\u00e9diteur de ce site. Google ne recoupera pas votre adresse IP avec toute autre donn\u00e9e d\u00e9tenue par Google. Vous pouvez d\u00e9sactiver l\u2019utilisation de cookies en s\u00e9lectionnant les param\u00e8tres appropri\u00e9s de votre navigateur. Cependant, une telle d\u00e9sactivation pourrait emp\u00eacher l\u2019utilisation de certaines fonctionnalit\u00e9s de ce site. En utilisant ce site internet, vous consentez express\u00e9ment au traitement de vos donn\u00e9es nominatives par Google dans les conditions et pour les finalit\u00e9s d\u00e9crites ci-dessus.<\/p>\n\n\n\n<p>&nbsp;9. V\u00c9RACIT\u00c9 DES INFORMATIONS<\/p>\n\n\n\n<p>Ce site s\u2019efforce d\u2019offrir les informations les plus exactes et les plus compl\u00e8tes possibles. Toutefois, aucune personne ne pourra pr\u00e9tendre \u00e0 r\u00e9paration si, par l\u2019utilisation d\u2019une information contenue sur le site, elle venait \u00e0 subir un pr\u00e9judice.<\/p>\n\n\n\n<p>&nbsp;10. SITES LI\u00c9S<\/p>\n\n\n\n<p>Le propri\u00e9taire du site d\u00e9cline toute responsabilit\u00e9 quant au contenu des sites li\u00e9s \u00e0 l\u2019aide d\u2019un lien hypertexte.<\/p>\n\n\n\n<p>&nbsp;11. PR\u00c9JUDICE CAUS\u00c9 \u00c0 UN TIERS<\/p>\n\n\n\n<p>Le propri\u00e9taire du site ne saurait \u00eatre tenu responsable d\u2019un quelconque pr\u00e9judice pouvant \u00eatre caus\u00e9 \u00e0 un tiers par une utilisation inappropri\u00e9e du site et d\u00e9cline toute responsabilit\u00e9 pouvant en r\u00e9sulter.<\/p>\n\n\n\n<p>&nbsp;12. DROIT D\u2019ACC\u00c8S ET DE RECTIFICATION<\/p>\n\n\n\n<p>Conform\u00e9ment \u00e0 la loi&nbsp; sur la protection des donn\u00e9es, vous disposez d\u2019un droit d\u2019information, d\u2019opposition, d\u2019acc\u00e8s et de rectification des donn\u00e9es vous concernant.<\/p>\n\n\n\n<p>En cons\u00e9quence, vous avez le droit d\u2019exiger que soient rectifi\u00e9es, compl\u00e9t\u00e9es, clarifi\u00e9es, mises \u00e0 jour ou effac\u00e9es, les informations vous concernant qui seraient inexactes, incompl\u00e8tes, \u00e9quivoques ou p\u00e9rim\u00e9es.<\/p>\n\n\n\n<p>Ce droit pourra s\u2019exercer \u00e0 l\u2019adresse suivante : lesmessagesdecamille@gmail.com ou via le site.<\/p>\n\n\n\n<p>13. CLAUSE DE NON-RESPONSABILIT\u00c9<\/p>\n\n\n\n<p>Les r\u00e9sultats pr\u00e9sent\u00e9s sur les pages du site wwwv.lesmessagesdecamille.fr et ses extensions sont la cons\u00e9quence d&rsquo;efforts et de travail. Vos r\u00e9sultats varieront et d\u00e9pendront de nombreux facteurs, sans s&rsquo;y limiter ; vos ant\u00e9c\u00e9dents, votre exp\u00e9rience et votre \u00e9thique.&nbsp;<\/p>\n\n\n\n<p>Toute cr\u00e9ation ou d\u00e9veloppement d&rsquo;entreprise comporte des risques ainsi que des efforts et des actions massifs et coh\u00e9rentes \u00e0 mettre en place. Vous devez \u00eatre pr\u00eat \u00e0 l&rsquo;accepter.<\/p>\n\n\n\n<p>14. BASES L\u00c9GALES<\/p>\n\n\n\n<p>Les pr\u00e9sentes mentions l\u00e9gales reposent exclusivement sur la loi sur la protection des donn\u00e9es (LPD).<\/p>\n\n\n\n<p>15. FORME JURIDIQUE<\/p>\n\n\n\n<p>Tout litige concernant l\u2019interpr\u00e9tation ou l\u2019ex\u00e9cution des pr\u00e9sentes conditions d\u2019utilisation est du ressort du Tribunal comp\u00e9tent au domicile du propri\u00e9taire du site.<\/p>\n\n\n\n<p>16. CONCLUSIONS<\/p>\n\n\n\n<p>Les pr\u00e9sentes mentions l\u00e9gales faisant \u00e9galement offices de conditions d\u2019utilisations sont valables avec effet imm\u00e9diat et peuvent \u00eatre chang\u00e9es en tout temps par le propri\u00e9taire du site. Les changements de conditions d\u2019utilisation seront communiqu\u00e9s sur ce site.<\/p>\n\n\n\n<p>&nbsp;<\/p>\n","protected":false},"excerpt":{"rendered":"<p>Mentions l\u00e9gales INTRODUCTION Le site wwwv.lesmessagesdecamille.fr est d\u00e9tenu et g\u00e9r\u00e9 par l\u2019entreprise ayant pour ; BERNARD Camille Auto entreprise. N\u00b0SIRET: 85018908500028 Repr\u00e9sent\u00e9e par : Madame BERNARD Camille, G\u00e9rant &nbsp; 2. PRESTATAIRE WEB La mise en ligne du Site internet wwwv.lesmessagesdecamille.fr est assur\u00e9 par le prestataire web prestashop.&nbsp; &nbsp; 3. PRESTATAIRE TECHNIQUE wwwv.lesmessagesdecamille.fr &nbsp;4. CR\u00c9ATION GRAPHIQUE [&hellip;]<\/p>\n","protected":false},"author":2,"featured_media":0,"parent":0,"menu_order":0,"comment_status":"closed","ping_status":"closed","template":"","meta":{"footnotes":""},"class_list":["post-63","page","type-page","status-publish","hentry"],"_links":{"self":[{"href":"https:\/\/lesmessagesdecamille.fr\/index.php\/wp-json\/wp\/v2\/pages\/63","targetHints":{"allow":["GET"]}}],"collection":[{"href":"https:\/\/lesmessagesdecamille.fr\/index.php\/wp-json\/wp\/v2\/pages"}],"about":[{"href":"https:\/\/lesmessagesdecamille.fr\/index.php\/wp-json\/wp\/v2\/types\/page"}],"author":[{"embeddable":true,"href":"https:\/\/lesmessagesdecamille.fr\/index.php\/wp-json\/wp\/v2\/users\/2"}],"replies":[{"embeddable":true,"href":"https:\/\/lesmessagesdecamille.fr\/index.php\/wp-json\/wp\/v2\/comments?post=63"}],"version-history":[{"count":4,"href":"https:\/\/lesmessagesdecamille.fr\/index.php\/wp-json\/wp\/v2\/pages\/63\/revisions"}],"predecessor-version":[{"id":550,"href":"https:\/\/lesmessagesdecamille.fr\/index.php\/wp-json\/wp\/v2\/pages\/63\/revisions\/550"}],"wp:attachment":[{"href":"https:\/\/lesmessagesdecamille.fr\/index.php\/wp-json\/wp\/v2\/media?parent=63"}],"curies":[{"name":"wp","href":"https:\/\/api.w.org\/{rel}","templated":true}]}}