{"id":137,"date":"2022-03-05T13:24:05","date_gmt":"2022-03-05T13:24:05","guid":{"rendered":"https:\/\/lesmessagesdecamille.fr\/?page_id=137"},"modified":"2026-01-29T21:02:39","modified_gmt":"2026-01-29T21:02:39","slug":"accueil","status":"publish","type":"page","link":"https:\/\/lesmessagesdecamille.fr\/","title":{"rendered":"Accueil"},"content":{"rendered":"<p><img fetchpriority=\"high\" decoding=\"async\" width=\"980\" height=\"980\" src=\"https:\/\/lesmessagesdecamille.fr\/wp-content\/uploads\/2025\/01\/DALL\u00b7E-2025-01-04-11.09.29-A-delicate-and-dreamy-tarot-themed-image-with-soft-pastel-tones-primarily-pink-and-blush-featuring-ethereal-flowers-like-roses-and-peonies-intertwin.webp\" alt=\"\" srcset=\"https:\/\/lesmessagesdecamille.fr\/wp-content\/uploads\/2025\/01\/DALL\u00b7E-2025-01-04-11.09.29-A-delicate-and-dreamy-tarot-themed-image-with-soft-pastel-tones-primarily-pink-and-blush-featuring-ethereal-flowers-like-roses-and-peonies-intertwin.webp 1024w, https:\/\/lesmessagesdecamille.fr\/wp-content\/uploads\/2025\/01\/DALL\u00b7E-2025-01-04-11.09.29-A-delicate-and-dreamy-tarot-themed-image-with-soft-pastel-tones-primarily-pink-and-blush-featuring-ethereal-flowers-like-roses-and-peonies-intertwin-300x300.webp 300w, https:\/\/lesmessagesdecamille.fr\/wp-content\/uploads\/2025\/01\/DALL\u00b7E-2025-01-04-11.09.29-A-delicate-and-dreamy-tarot-themed-image-with-soft-pastel-tones-primarily-pink-and-blush-featuring-ethereal-flowers-like-roses-and-peonies-intertwin-150x150.webp 150w, https:\/\/lesmessagesdecamille.fr\/wp-content\/uploads\/2025\/01\/DALL\u00b7E-2025-01-04-11.09.29-A-delicate-and-dreamy-tarot-themed-image-with-soft-pastel-tones-primarily-pink-and-blush-featuring-ethereal-flowers-like-roses-and-peonies-intertwin-768x768.webp 768w, https:\/\/lesmessagesdecamille.fr\/wp-content\/uploads\/2025\/01\/DALL\u00b7E-2025-01-04-11.09.29-A-delicate-and-dreamy-tarot-themed-image-with-soft-pastel-tones-primarily-pink-and-blush-featuring-ethereal-flowers-like-roses-and-peonies-intertwin-324x324.webp 324w, https:\/\/lesmessagesdecamille.fr\/wp-content\/uploads\/2025\/01\/DALL\u00b7E-2025-01-04-11.09.29-A-delicate-and-dreamy-tarot-themed-image-with-soft-pastel-tones-primarily-pink-and-blush-featuring-ethereal-flowers-like-roses-and-peonies-intertwin-416x416.webp 416w, https:\/\/lesmessagesdecamille.fr\/wp-content\/uploads\/2025\/01\/DALL\u00b7E-2025-01-04-11.09.29-A-delicate-and-dreamy-tarot-themed-image-with-soft-pastel-tones-primarily-pink-and-blush-featuring-ethereal-flowers-like-roses-and-peonies-intertwin-100x100.webp 100w\" sizes=\"(max-width: 980px) 100vw, 980px\" \/>\t\t\t\t\t\t\t\t\t\t\t\t\t\t\t<\/p>\n<p>\n\n\n<\/p>\n<h3 class=\"wp-block-heading\">Je suis Camille B. passionn\u00e9e par le Tarot de Marseille depuis mon quinzi\u00e8me\u00a0anniversaire, et c&rsquo;est avec plaisir que je souhaite soutenir toute personne d\u00e9sireuse de d\u00e9velopper son plein potentiel et l&rsquo;accompagner pour affronter les \u00e9v\u00e8nements de\u00a0la vie.<\/h3>\n<p>\n\n\n<\/p>\n<p>\n\n\n<\/p>\n<h3 class=\"wp-block-heading\">Je suis l\u00e0 pour r\u00e9v\u00e9ler votre pouvoir d&rsquo;action et retrouver votre libre arbitre.<\/h3>\n<p>\n\n\n<\/p>\n<p>\n\n\n<\/p>\n<h3 class=\"wp-block-heading\">Le tarot de Marseille\u00a0ne se contente pas de pr\u00e9dire l&rsquo;avenir; C&rsquo;est un outil qui nous permet de nous responsabiliser dans nos choix et dans nos actes.\u00a0<\/h3>\n<p>\n\n\n<\/p>\n<p>\n\n\n<\/p>\n<h3 class=\"wp-block-heading\">Vous pouvez connaitre votre avenir,<u> mais vous seul<\/u>, pouvez le r\u00e9aliser.<\/h3>\n<p>\n\n\n<\/p>\n<p>\n\n\n\n<ul>\n<li style=\"text-align: justify;\">POURQUOI CONSULTER<\/li>\n<\/ul>\n<h3 style=\"text-align: justify;\">Si vous avez besoin de gagner en clart\u00e9 sur les \u00e9v\u00e8nements que vous traversez, faire des choix et savoir comment les affronter, la lecture du Tarot vous permettra de mieux les appr\u00e9hender. Il mettra en lumi\u00e8re certains blocages et vous r\u00e9v\u00e8lera les forces et les atouts que vous disposez pour les surmonter.\u00a0<\/h3>\n<h3 style=\"text-align: justify;\">Que vous soyez sensiblement attir\u00e9 pour connaitre votre avenir ou que vous ayez des probl\u00e8mes \u00e0 r\u00e9soudre, c&rsquo;est avec joie et douceur que je vous accompagnerai \u00e0 trouver les r\u00e9ponses \u00e0 vos interrogations.\u00a0<\/h3>\n<p><img decoding=\"async\" src=\"https:\/\/lesmessagesdecamille.fr\/wp-content\/uploads\/2022\/03\/photos.png\" alt=\"\" width=\"182\" height=\"162\" \/><\/p>\n<h2 style=\"text-align: left;\">ME CONTACTER<\/h2>\n<h5><strong>Les Messages de Camille<\/strong><\/h5>\n<h5><strong>180 rue du nant BERTAUX<\/strong><\/h5>\n<h5><strong>73000\u00a0 CHAMBERY LE VIEUX<\/strong><\/h5>\n<ul>\n<li><b><a href=\"mailto:lesmessagesdecamille@gmail.com\">lesmessagesdecamille@gmail.com\u00a0<\/a><\/b><\/li>\n<\/ul>\n\n\n<p><\/p>\n","protected":false},"excerpt":{"rendered":"<p>Je suis Camille B. passionn\u00e9e par le Tarot de Marseille depuis mon quinzi\u00e8me\u00a0anniversaire, et c&rsquo;est avec plaisir que je souhaite soutenir toute personne d\u00e9sireuse de d\u00e9velopper son plein potentiel et l&rsquo;accompagner pour affronter les \u00e9v\u00e8nements de\u00a0la vie. Je suis l\u00e0 pour r\u00e9v\u00e9ler votre pouvoir d&rsquo;action et retrouver votre libre arbitre. Le tarot de Marseille\u00a0ne se [&hellip;]<\/p>\n","protected":false},"author":2,"featured_media":0,"parent":0,"menu_order":0,"comment_status":"closed","ping_status":"closed","template":"","meta":{"footnotes":""},"class_list":["post-137","page","type-page","status-publish","hentry"],"_links":{"self":[{"href":"https:\/\/lesmessagesdecamille.fr\/index.php\/wp-json\/wp\/v2\/pages\/137","targetHints":{"allow":["GET"]}}],"collection":[{"href":"https:\/\/lesmessagesdecamille.fr\/index.php\/wp-json\/wp\/v2\/pages"}],"about":[{"href":"https:\/\/lesmessagesdecamille.fr\/index.php\/wp-json\/wp\/v2\/types\/page"}],"author":[{"embeddable":true,"href":"https:\/\/lesmessagesdecamille.fr\/index.php\/wp-json\/wp\/v2\/users\/2"}],"replies":[{"embeddable":true,"href":"https:\/\/lesmessagesdecamille.fr\/index.php\/wp-json\/wp\/v2\/comments?post=137"}],"version-history":[{"count":37,"href":"https:\/\/lesmessagesdecamille.fr\/index.php\/wp-json\/wp\/v2\/pages\/137\/revisions"}],"predecessor-version":[{"id":1776,"href":"https:\/\/lesmessagesdecamille.fr\/index.php\/wp-json\/wp\/v2\/pages\/137\/revisions\/1776"}],"wp:attachment":[{"href":"https:\/\/lesmessagesdecamille.fr\/index.php\/wp-json\/wp\/v2\/media?parent=137"}],"curies":[{"name":"wp","href":"https:\/\/api.w.org\/{rel}","templated":true}]}}